{"id":22,"date":"2016-10-10T14:02:38","date_gmt":"2016-10-10T12:02:38","guid":{"rendered":"http:\/\/iwart2016.umh.es\/?page_id=22"},"modified":"2016-10-20T14:11:07","modified_gmt":"2016-10-20T12:11:07","slug":"organizacion","status":"publish","type":"page","link":"https:\/\/iwart2016.umh.es\/en\/organizacion\/","title":{"rendered":"Organization"},"content":{"rendered":"<p>The nBio, the\u00a0<a href=\"https:\/\/nbio.umh.es\"><strong><em>Biomedical Neuroengineering Research Group<\/em><\/strong><\/a>\u00a0at\u00a0<a href=\"http:\/\/www.umh.es\/\" target=\"_blank\">UMH<\/a>\u00a0organises the IWART 2016-\u00a0International Workshop on Assistive &amp; Rehabilitation Technology. The IWART\u00a02016 will be held in the Aula Magna at Altabix Building-Miguel Hernandez University and some social events will be held at Huerto del Cura Hotel.<\/p>\n<p>Organizing committee:<\/p>\n<ul>\n<li><strong>Nicol\u00e1s Garc\u00eda Aracil<\/strong>, <strong>(General Chair)<\/strong><\/li>\n<li>Eduardo Fern\u00e1ndez Jover<\/li>\n<li>Jos\u00e9 Mar\u00eda Sabater Navarro<\/li>\n<li>Ram\u00f3n P. \u00d1eco Garc\u00eda<\/li>\n<li>Rafael Puerto Manch\u00f3n<\/li>\n<li>Francisco J. Badesa Clemente<\/li>\n<li>Juan A. Barios Heredero<\/li>\n<li>Luis Daniel LLedo Perez<\/li>\n<li>Jorge D\u00edez Pomares<\/li>\n<li>Arturo Bertomeu Motos<\/li>\n<li>Santiago Ezquerro Garc\u00eda<\/li>\n<li>Jos\u00e9 M\u00aa Catalan Orts<\/li>\n<li>Andrea Blanco Ivorra<\/li>\n<li>Irene Delegido Bernabe<\/li>\n<\/ul>\n<p>Scientific committee:<\/p>\n<ul>\n<li>Nicol\u00e1s Garc\u00eda Aracil, nbio, UMH<\/li>\n<li>Yiannis Demiris, Imperial College, UK<\/li>\n<li>Eduardo Fern\u00e1ndez Jover, nbio, UMH<\/li>\n<li>Jos\u00e9 Mar\u00eda Sabater Navarro, nbio, UMH<\/li>\n<li>Alex Mihailidis, Toronto Rehab Institute-UHN \/ University of Toronto<\/li>\n<li>Surjo R. Soekadar, University of T\u00fcbingen, T\u00fcbingen, Germany<\/li>\n<li>Eugenio Guglielmelli, Universit\u00e0 Campus Bio-Medico di Roma, Italy<\/li>\n<li>Loredana Zollo, Universit\u00e0 Campus Bio-Medico di Roma, Italy<\/li>\n<li>Jeffrey W. Jutai, Faculty of Health Sciences \/ University of Ottawa<\/li>\n<li>Jean Daly, Cedar Foundation, United Kingdom<\/li>\n<li>Suzanne Martin, Ulster University, UK<\/li>\n<li>Raphael Singer, Biomechatronic Systems, Fraunhofer Institute, Germany<\/li>\n<li>Ana Maiques, Neuroelectrics, Barcelona, Spain<\/li>\n<li>Thierry Keller, Tecnalia Research &amp; Innovation, San Sebastian, Spain<\/li>\n<li>Jan Venema, Tecnalia Research &amp; Innovation, San Sebastian, Spain<\/li>\n<li>Mariano Alca\u00f1iz, Univ. Polit\u00e9cnica de Valencia, Spain<\/li>\n<li>Valery Naranjo, Univ. Polit\u00e9cnica de Valencia, Spain<\/li>\n<li>Nicola Vitiello, BioRobotics Institute, Scuola Superiore Sant&#8217;Anna, Italy<\/li>\n<li>Simona Crea, BioRobotics Institute, Scuola Superiore Sant&#8217;Anna, Italy<\/li>\n<li>Rui Loureiro,\u00a0Aspire CREATe &#8211; Centre for Rehabilitation Engineering and Assistive Technology,UK<\/li>\n<li>Jose Mar\u00eda Tormos, Instituto Guttman, Spain<\/li>\n<\/ul>\n<h2>Aula Magna- Altabix Building at Miguel Hernandez University of Elche<\/h2>\n<p>The university setting in Elche is an ideal place for conferences and meetings, due to its great capacity (up to 400 people) in its halls, with the shape of an amphitheatre, especially the Aula Magna in the building known as Edificio Altabix.\u00a0IWART2016 will be held in the Aula Magna at Altabix Building.<\/p>\n<p>The UMH is located in front of the bus and train stations, only ten minutes walk from the city centre, with very easy access from the Mediterraneans motorway and from the ring roads around the outskirts of the city. There are three large parking areas and it is connected with a city bus line.<\/p>\n<p><img loading=\"lazy\" class=\"wp-image-96 aligncenter\" src=\"https:\/\/iwart2016.umh.es\/files\/2016\/10\/aulamagna-1024x682.jpg\" alt=\"aulamagna\" width=\"500\" height=\"333\" srcset=\"https:\/\/iwart2016.umh.es\/files\/2016\/10\/aulamagna-1024x682.jpg 1024w, https:\/\/iwart2016.umh.es\/files\/2016\/10\/aulamagna-300x200.jpg 300w, https:\/\/iwart2016.umh.es\/files\/2016\/10\/aulamagna-768x512.jpg 768w, https:\/\/iwart2016.umh.es\/files\/2016\/10\/aulamagna.jpg 1349w\" sizes=\"(max-width: 500px) 100vw, 500px\" \/><\/p>\n<p><img loading=\"lazy\" class=\"wp-image-97 aligncenter\" src=\"https:\/\/iwart2016.umh.es\/files\/2016\/10\/aulamagna1-1024x683.jpg\" alt=\"aulamagna1\" width=\"500\" height=\"333\" srcset=\"https:\/\/iwart2016.umh.es\/files\/2016\/10\/aulamagna1-1024x683.jpg 1024w, https:\/\/iwart2016.umh.es\/files\/2016\/10\/aulamagna1-300x200.jpg 300w, https:\/\/iwart2016.umh.es\/files\/2016\/10\/aulamagna1-768x512.jpg 768w\" sizes=\"(max-width: 500px) 100vw, 500px\" \/><\/p>\n<h2>Huerto del cura Hotel<\/h2>\n<p>Huerto del Cura has a unique location within the Elche&#8217;s Palmeral palm tree gardens, a UNESCO World Heritage Site. The hotel offers an outdoor swimming pool and a sauna.<\/p>\n<p>The low-rise Huerto del Cura buildings are surrounded by lush gardens. Rooms include free WiFi and air conditioning.<\/p>\n<p>The Els Capellans restaurant offers \u00e0 la carte Mediterranean food. There is also a fine wine cellar. In summer, Els Capellans Summer Terrace opens by the pool, offering cocktails and chill out music.<\/p>\n<p>The hotel is in the middle of the 20,000 m\u00b2 Palmeral, a short walk from Elche city centre. Sights include the historic Santa Mar\u00eda Church. The city is only 15 kilometres from the Costa Blanca. Alicante Airport is within 12 kilometres<\/p>\n<p><img loading=\"lazy\" class=\"size-full wp-image-59 aligncenter\" src=\"https:\/\/iwart2016.umh.es\/files\/2016\/10\/Hotel_Huerto_Cura_Rooms-5-e1476190507723.jpg\" alt=\"hotel_huerto_cura_rooms-5\" width=\"545\" height=\"363\" \/><\/p>\n<p><img loading=\"lazy\" class=\"wp-image-58 aligncenter\" src=\"https:\/\/iwart2016.umh.es\/files\/2016\/10\/huerto_cura_habitacion.jpg\" alt=\"huerto_cura_habitacion\" width=\"521\" height=\"300\" srcset=\"https:\/\/iwart2016.umh.es\/files\/2016\/10\/huerto_cura_habitacion.jpg 630w, https:\/\/iwart2016.umh.es\/files\/2016\/10\/huerto_cura_habitacion-300x173.jpg 300w\" sizes=\"(max-width: 521px) 100vw, 521px\" \/><\/p>","protected":false},"excerpt":{"rendered":"<p>The nBio, the\u00a0Biomedical Neuroengineering Research Group\u00a0at\u00a0UMH\u00a0organises the IWART 2016-\u00a0International Workshop on Assistive &amp; Rehabilitation Technology. The IWART\u00a02016 will be held in the Aula Magna at Altabix Building-Miguel Hernandez University and some social events will be held at Huerto del Cura Hotel.<br \/>\nOrganizing committee:<\/p>\n<p>Nicol\u00e1s Garc\u00eda Aracil, (General Chair)<br \/>\nEduardo Fern\u00e1ndez Jover<br \/>\nJos\u00e9 Mar\u00eda Sabater Navarro<br \/>\nRam\u00f3n P. \u00d1eco Garc\u00eda<br \/>\nRafael Puerto [&#8230;]<\/p>\n","protected":false},"author":43,"featured_media":0,"parent":0,"menu_order":3,"comment_status":"closed","ping_status":"closed","template":"","meta":{"_links_to":"","_links_to_target":""},"_links":{"self":[{"href":"https:\/\/iwart2016.umh.es\/en\/wp-json\/wp\/v2\/pages\/22"}],"collection":[{"href":"https:\/\/iwart2016.umh.es\/en\/wp-json\/wp\/v2\/pages"}],"about":[{"href":"https:\/\/iwart2016.umh.es\/en\/wp-json\/wp\/v2\/types\/page"}],"author":[{"embeddable":true,"href":"https:\/\/iwart2016.umh.es\/en\/wp-json\/wp\/v2\/users\/43"}],"replies":[{"embeddable":true,"href":"https:\/\/iwart2016.umh.es\/en\/wp-json\/wp\/v2\/comments?post=22"}],"version-history":[{"count":0,"href":"https:\/\/iwart2016.umh.es\/en\/wp-json\/wp\/v2\/pages\/22\/revisions"}],"wp:attachment":[{"href":"https:\/\/iwart2016.umh.es\/en\/wp-json\/wp\/v2\/media?parent=22"}],"curies":[{"name":"wp","href":"https:\/\/api.w.org\/{rel}","templated":true}]}}