{"id":75,"date":"2016-10-17T11:33:31","date_gmt":"2016-10-17T09:33:31","guid":{"rendered":"http:\/\/iwart2016.umh.es\/?page_id=75"},"modified":"2016-12-08T11:21:00","modified_gmt":"2016-12-08T10:21:00","slug":"conferenciantes","status":"publish","type":"page","link":"https:\/\/iwart2016.umh.es\/ca\/conferenciantes\/","title":{"rendered":"<span lang=\"es\">(Espa\u00f1ol) Conferenciantes<\/span>"},"content":{"rendered":"<p class=\"qtranxs-available-languages-message qtranxs-available-languages-message-ca\">Ho sentim, aquesta entrada es troba disponible \u00fanicament en <a href=\"https:\/\/iwart2016.umh.es\/es\/wp-json\/wp\/v2\/pages\/75\" class=\"qtranxs-available-language-link qtranxs-available-language-link-es\" title=\"Espa\u00f1ol\">Espanyol Europeu<\/a> i <a href=\"https:\/\/iwart2016.umh.es\/en\/wp-json\/wp\/v2\/pages\/75\" class=\"qtranxs-available-language-link qtranxs-available-language-link-en\" title=\"English\">Angl\u00e8s Americ\u00e0<\/a>.<\/p>","protected":false},"excerpt":{"rendered":"<p>Ho sentim, aquesta entrada es troba disponible \u00fanicament en Espanyol Europeu i Angl\u00e8s Americ\u00e0.<\/p>\n","protected":false},"author":43,"featured_media":0,"parent":0,"menu_order":1,"comment_status":"closed","ping_status":"closed","template":"","meta":{"_links_to":"","_links_to_target":""},"_links":{"self":[{"href":"https:\/\/iwart2016.umh.es\/ca\/wp-json\/wp\/v2\/pages\/75"}],"collection":[{"href":"https:\/\/iwart2016.umh.es\/ca\/wp-json\/wp\/v2\/pages"}],"about":[{"href":"https:\/\/iwart2016.umh.es\/ca\/wp-json\/wp\/v2\/types\/page"}],"author":[{"embeddable":true,"href":"https:\/\/iwart2016.umh.es\/ca\/wp-json\/wp\/v2\/users\/43"}],"replies":[{"embeddable":true,"href":"https:\/\/iwart2016.umh.es\/ca\/wp-json\/wp\/v2\/comments?post=75"}],"version-history":[{"count":0,"href":"https:\/\/iwart2016.umh.es\/ca\/wp-json\/wp\/v2\/pages\/75\/revisions"}],"wp:attachment":[{"href":"https:\/\/iwart2016.umh.es\/ca\/wp-json\/wp\/v2\/media?parent=75"}],"curies":[{"name":"wp","href":"https:\/\/api.w.org\/{rel}","templated":true}]}}