{"id":22,"date":"2016-10-10T14:02:38","date_gmt":"2016-10-10T12:02:38","guid":{"rendered":"http:\/\/iwart2016.umh.es\/?page_id=22"},"modified":"2016-10-20T14:11:07","modified_gmt":"2016-10-20T12:11:07","slug":"organizacion","status":"publish","type":"page","link":"https:\/\/iwart2016.umh.es\/ca\/organizacion\/","title":{"rendered":"<span lang=\"es\">(Espa\u00f1ol) Organizaci\u00f3n<\/span>"},"content":{"rendered":"<p class=\"qtranxs-available-languages-message qtranxs-available-languages-message-ca\">Ho sentim, aquesta entrada es troba disponible \u00fanicament en <a href=\"https:\/\/iwart2016.umh.es\/es\/wp-json\/wp\/v2\/pages\/22\" class=\"qtranxs-available-language-link qtranxs-available-language-link-es\" title=\"Espa\u00f1ol\">Espanyol Europeu<\/a> i <a href=\"https:\/\/iwart2016.umh.es\/en\/wp-json\/wp\/v2\/pages\/22\" class=\"qtranxs-available-language-link qtranxs-available-language-link-en\" title=\"English\">Angl\u00e8s Americ\u00e0<\/a>.<\/p>","protected":false},"excerpt":{"rendered":"<p>Ho sentim, aquesta entrada es troba disponible \u00fanicament en Espanyol Europeu i Angl\u00e8s Americ\u00e0.<\/p>\n","protected":false},"author":43,"featured_media":0,"parent":0,"menu_order":3,"comment_status":"closed","ping_status":"closed","template":"","meta":{"_links_to":"","_links_to_target":""},"_links":{"self":[{"href":"https:\/\/iwart2016.umh.es\/ca\/wp-json\/wp\/v2\/pages\/22"}],"collection":[{"href":"https:\/\/iwart2016.umh.es\/ca\/wp-json\/wp\/v2\/pages"}],"about":[{"href":"https:\/\/iwart2016.umh.es\/ca\/wp-json\/wp\/v2\/types\/page"}],"author":[{"embeddable":true,"href":"https:\/\/iwart2016.umh.es\/ca\/wp-json\/wp\/v2\/users\/43"}],"replies":[{"embeddable":true,"href":"https:\/\/iwart2016.umh.es\/ca\/wp-json\/wp\/v2\/comments?post=22"}],"version-history":[{"count":0,"href":"https:\/\/iwart2016.umh.es\/ca\/wp-json\/wp\/v2\/pages\/22\/revisions"}],"wp:attachment":[{"href":"https:\/\/iwart2016.umh.es\/ca\/wp-json\/wp\/v2\/media?parent=22"}],"curies":[{"name":"wp","href":"https:\/\/api.w.org\/{rel}","templated":true}]}}